{"id":4193,"date":"2025-02-17T21:13:17","date_gmt":"2025-02-17T21:13:17","guid":{"rendered":"https:\/\/denisburban.fr\/?page_id=4193"},"modified":"2025-02-17T21:23:18","modified_gmt":"2025-02-17T21:23:18","slug":"a-propos","status":"publish","type":"page","link":"https:\/\/denisburban.fr\/?page_id=4193","title":{"rendered":"A propos"},"content":{"rendered":"\t\t<div data-elementor-type=\"wp-page\" data-elementor-id=\"4193\" class=\"elementor elementor-4193\">\n\t\t\t\t<div class=\"elementor-element elementor-element-6cba620 e-con-full e-flex e-con e-parent\" data-id=\"6cba620\" data-element_type=\"container\" data-settings=\"{&quot;background_background&quot;:&quot;classic&quot;}\">\n\t\t\t\t<div class=\"elementor-element elementor-element-e5261da elementor-widget elementor-widget-heading\" data-id=\"e5261da\" data-element_type=\"widget\" data-widget_type=\"heading.default\">\n\t\t\t\t<div class=\"elementor-widget-container\">\n\t\t\t\t\t<h2 class=\"elementor-heading-title elementor-size-default\">A propos<\/h2>\t\t\t\t<\/div>\n\t\t\t\t<\/div>\n\t\t\t\t<\/div>\n\t\t<div class=\"elementor-element elementor-element-22417cc e-con-full e-flex e-con e-parent\" data-id=\"22417cc\" data-element_type=\"container\" data-settings=\"{&quot;background_background&quot;:&quot;classic&quot;}\">\n\t\t<div class=\"elementor-element elementor-element-c05f7cc e-con-full e-flex e-con e-child\" data-id=\"c05f7cc\" data-element_type=\"container\" data-settings=\"{&quot;background_background&quot;:&quot;classic&quot;}\">\n\t\t\t\t<div class=\"elementor-element elementor-element-58caf47 elementor-widget__width-inherit elementor-widget elementor-widget-text-editor\" data-id=\"58caf47\" data-element_type=\"widget\" data-widget_type=\"text-editor.default\">\n\t\t\t\t<div class=\"elementor-widget-container\">\n\t\t\t\t\t\t\t\t\t<p><b>1974-1985 Dessinateur en architecture et cartographie<\/b><\/p><p>1992 &#8211; Cr\u00e9ation de l&rsquo;atelier Blanc<\/p><p>2006 &#8211; Beatep Arts Plastiques<\/p><p>1992 \u00e0 2018 anime des ateliers enfants, adultes et patients avec le CHU de Nantes<\/p><p>1974 \u00e0 aujourd&rsquo;hui \u00a0Expositions, 1% artistique + divers<\/p>\t\t\t\t\t\t\t\t<\/div>\n\t\t\t\t<\/div>\n\t\t\t\t<\/div>\n\t\t\t\t<\/div>\n\t\t\t\t<\/div>\n\t\t","protected":false},"excerpt":{"rendered":"<p>A propos 1974-1985 Dessinateur en architecture et cartographie 1992 &#8211; Cr\u00e9ation de l&rsquo;atelier Blanc 2006 &#8211; Beatep Arts Plastiques 1992 \u00e0 2018 anime des ateliers enfants, adultes et patients avec le CHU de Nantes 1974 \u00e0 aujourd&rsquo;hui \u00a0Expositions, 1% artistique + divers<\/p>\n","protected":false},"author":1,"featured_media":0,"parent":0,"menu_order":0,"comment_status":"closed","ping_status":"closed","template":"","meta":{"neve_meta_sidebar":"","neve_meta_container":"full-width","neve_meta_enable_content_width":"on","neve_meta_content_width":100,"neve_meta_title_alignment":"","neve_meta_author_avatar":"","neve_post_elements_order":"","neve_meta_disable_header":"","neve_meta_disable_footer":"","neve_meta_disable_title":"on","footnotes":""},"class_list":["post-4193","page","type-page","status-publish","hentry"],"aioseo_notices":[],"_links":{"self":[{"href":"https:\/\/denisburban.fr\/index.php?rest_route=\/wp\/v2\/pages\/4193","targetHints":{"allow":["GET"]}}],"collection":[{"href":"https:\/\/denisburban.fr\/index.php?rest_route=\/wp\/v2\/pages"}],"about":[{"href":"https:\/\/denisburban.fr\/index.php?rest_route=\/wp\/v2\/types\/page"}],"author":[{"embeddable":true,"href":"https:\/\/denisburban.fr\/index.php?rest_route=\/wp\/v2\/users\/1"}],"replies":[{"embeddable":true,"href":"https:\/\/denisburban.fr\/index.php?rest_route=%2Fwp%2Fv2%2Fcomments&post=4193"}],"version-history":[{"count":13,"href":"https:\/\/denisburban.fr\/index.php?rest_route=\/wp\/v2\/pages\/4193\/revisions"}],"predecessor-version":[{"id":4206,"href":"https:\/\/denisburban.fr\/index.php?rest_route=\/wp\/v2\/pages\/4193\/revisions\/4206"}],"wp:attachment":[{"href":"https:\/\/denisburban.fr\/index.php?rest_route=%2Fwp%2Fv2%2Fmedia&parent=4193"}],"curies":[{"name":"wp","href":"https:\/\/api.w.org\/{rel}","templated":true}]}}